{"id":12,"date":"2016-09-05T19:52:33","date_gmt":"2016-09-05T19:52:33","guid":{"rendered":"http:\/\/demos.famethemes.com\/screenr\/?page_id=12"},"modified":"2023-04-01T11:34:41","modified_gmt":"2023-04-01T10:34:41","slug":"responsive-design","status":"publish","type":"page","link":"https:\/\/www.dsacademy.cz\/?page_id=12","title":{"rendered":"Bezpe\u010dnostn\u00ed audit a zabezpe\u010den\u00ed akc\u00ed"},"content":{"rendered":"<section class=\"elementor-element elementor-element-6dddc2e elementor-section-stretched elementor-section-boxed elementor-section-height-default elementor-section-height-default elementor-section elementor-top-section\" data-id=\"6dddc2e\" data-element_type=\"section\" data-settings=\"{&quot;stretch_section&quot;:&quot;section-stretched&quot;}\">\n<div class=\"elementor-container elementor-column-gap-default\">\n<div class=\"elementor-row\">\n<div class=\"elementor-element elementor-element-9e0a7a9 elementor-column elementor-col-100 elementor-top-column\" data-id=\"9e0a7a9\" data-element_type=\"column\">\n<div class=\"elementor-column-wrap  elementor-element-populated\">\n<div class=\"elementor-widget-wrap\">\n<div class=\"elementor-element elementor-element-053a2fe elementor-widget elementor-widget-heading\" data-id=\"053a2fe\" data-element_type=\"widget\" data-widget_type=\"heading.default\">\n<div class=\"elementor-widget-container\">\n<h1 class=\"elementor-heading-title elementor-size-default\"><span style=\"color: #db1616;\">Prevence se vyplat\u00ed<\/span><\/h1>\n<p style=\"padding-left: 40px;\"><strong>Bezpe\u010dnostn\u00ed audit<\/strong><\/p>\n<\/div>\n<\/div>\n<section class=\"elementor-element elementor-element-0ef6312 elementor-section-boxed elementor-section-height-default elementor-section-height-default elementor-section elementor-inner-section\" data-id=\"0ef6312\" data-element_type=\"section\">\n<div class=\"elementor-container elementor-column-gap-default\">\n<div class=\"elementor-row\">\n<div class=\"elementor-element elementor-element-3ba3d26 elementor-column elementor-col-50 elementor-inner-column\" data-id=\"3ba3d26\" data-element_type=\"column\">\n<div class=\"elementor-column-wrap  elementor-element-populated\">\n<div class=\"elementor-widget-wrap\">\n<div class=\"elementor-element elementor-element-4bba98f elementor-widget elementor-widget-heading\" data-id=\"4bba98f\" data-element_type=\"widget\" data-widget_type=\"heading.default\">\n<div class=\"elementor-widget-container\">\n<p style=\"padding-left: 40px;\">Finan\u010dn\u00ed prost\u0159edky r\u016fzn\u00fdch firem \u010dasto proud\u00ed do zdroj\u016f, vybaven\u00ed, v\u00fdroby, ale oblast bezpe\u010dnostn\u00ed z\u016fst\u00e1v\u00e1 opom\u00edjen\u00e1. A pokud n\u011bjak\u00e1 zaveden\u00e1 je, \u010dasto z\u016fst\u00e1v\u00e1 zalo\u017een\u00e1 na b\u00e1zi nutn\u00e9ho z\u00e1kladu. Z\u00e1kladem bezpe\u010dnosti je v\u010dasn\u00e1 identifikace hrozby a definov\u00e1n\u00ed, jak\u00e9 je z n\u00ed plynouc\u00ed riziko, n\u00e1sledn\u00e9 p\u0159ijet\u00ed opat\u0159en\u00ed k jejich eliminaci a pot\u00e9 periodick\u00e9 hodnocen\u00ed a kontrola \u00fa\u010dinnosti v praxi. V r\u00e1mci bezpe\u010dnostn\u00edho auditu dojde ke zhodnocen\u00ed bezpe\u010dnostn\u00edch opat\u0159en\u00ed extern\u00edm profesion\u00e1lem a navr\u017een\u00ed optim\u00e1ln\u00edho \u0159e\u0161en\u00ed zabezpe\u010den\u00ed. Garantujeme naprostou diskr\u00e9tnost a ml\u010denlivost o zji\u0161t\u011bn\u00fdch skute\u010dnostech.<img loading=\"lazy\" decoding=\"async\" class=\"size-medium wp-image-1202 alignright\" src=\"http:\/\/www.dsacademy.cz\/wp-content\/uploads\/2023\/02\/cropped-devastation-gfa5516513_1920-300x150.jpg\" alt=\"\" width=\"300\" height=\"150\" srcset=\"https:\/\/www.dsacademy.cz\/wp-content\/uploads\/2023\/02\/cropped-devastation-gfa5516513_1920-300x150.jpg 300w, https:\/\/www.dsacademy.cz\/wp-content\/uploads\/2023\/02\/cropped-devastation-gfa5516513_1920-1024x512.jpg 1024w, https:\/\/www.dsacademy.cz\/wp-content\/uploads\/2023\/02\/cropped-devastation-gfa5516513_1920-768x384.jpg 768w, https:\/\/www.dsacademy.cz\/wp-content\/uploads\/2023\/02\/cropped-devastation-gfa5516513_1920-1536x768.jpg 1536w, https:\/\/www.dsacademy.cz\/wp-content\/uploads\/2023\/02\/cropped-devastation-gfa5516513_1920.jpg 1600w\" sizes=\"auto, (max-width: 300px) 100vw, 300px\" \/><\/p>\n<p style=\"padding-left: 40px;\">Volitelnou sou\u010d\u00e1st\u00ed jsou i n\u00e1sledn\u00e9 (a n\u00e1hodn\u00e9) penetra\u010dn\u00ed testy a kontroly, b\u011bhem kter\u00fdch se pokus\u00edme proj\u00edt p\u0159es nastaven\u00e1 pravidla a obej\u00edt zaveden\u00e1 opat\u0159en\u00ed, \u010d\u00edm prov\u011b\u0159\u00edme jejich funk\u010dnost a po skon\u010den\u00ed testov\u00e1n\u00ed op\u011bt p\u0159ed\u00e1me detailn\u00ed zpr\u00e1vu s\u00a0doporu\u010den\u00edmi.<\/p>\n<\/div>\n<\/div>\n<div class=\"elementor-element elementor-element-4bba98f elementor-widget elementor-widget-heading\" data-id=\"4bba98f\" data-element_type=\"widget\" data-widget_type=\"heading.default\">\n<div class=\"elementor-widget-container\">\n<p style=\"padding-left: 40px;\">\u00a0<\/p>\n<\/div>\n<\/div>\n<\/div>\n<\/div>\n<\/div>\n<\/div>\n<\/div>\n<\/section>\n<\/div>\n<\/div>\n<\/div>\n<\/div>\n<\/div>\n<\/section>\n\n\n<\/p>\n<p style=\"padding-left: 40px;\"><strong>Zabezpe\u010den\u00ed akc\u00ed<\/strong><\/p>\n<p style=\"padding-left: 40px;\">\n\n\n\n<\/p>\n<p style=\"padding-left: 40px;\">V\u00e1h\u00e1te, zda se na akci o deseti, dvaceti, pades\u00e1ti \u00fa\u010dastn\u00edc\u00edch nic nevrtne a v\u0161echno p\u016fjde jak po dr\u00e1tk\u00e1ch? V tom p\u0159\u00edpad\u011b V\u00e1m r\u00e1di budeme oporou. Zvl\u00e1dneme V\u00e1m pomoci s alkoholem posiln\u011bn\u00fdmi \u00fa\u010dastn\u00edky firemn\u00edho v\u00e1no\u010dn\u00edho ve\u010d\u00edrku, stejn\u011b jako s obecn\u00ed z\u00e1bavou \u010di p\u0159epravou majetku vysok\u00e9 hodnoty.<\/p>\n<p style=\"padding-left: 40px;\">\n\n\n\n<\/p>\n<p style=\"padding-left: 40px;\"><span style=\"color: #ffffff;\">Ka\u017ed\u00e1 akce m\u00e1 sv\u00e1 \u00faskal\u00ed, vy\u017eaduje jin\u00fd po\u010det p\u0159id\u011blen\u00fdch osob, technick\u00fdch prost\u0159edk\u016f, v\u00fdzbroje a v\u00fdstroje. Proto n\u00e1s pros\u00edm kontaktuje pro individu\u00e1ln\u00ed cenovou nab\u00eddku<\/span><\/p>\n<p style=\"padding-left: 40px;\">Ka\u017ed\u00e1 akce m\u00e1 sv\u00e1 \u00faskal\u00ed, vy\u017eaduje jin\u00fd po\u010det p\u0159id\u011blen\u00fdch osob, technick\u00fdch prost\u0159edk\u016f, v\u00fdzbroje a v\u00fdstroje. Proto n\u00e1s pros\u00edm kontaktuje pro individu\u00e1ln\u00ed cenovou nab\u00eddku.<\/p>\n<p>\n\n\n<p><\/p>\n<p><!--more--><\/p>\n\n\n<p>.<\/p>\n","protected":false},"excerpt":{"rendered":"<p>Prevence se vyplat\u00ed Bezpe\u010dnostn\u00ed audit Finan\u010dn\u00ed prost\u0159edky r\u016fzn\u00fdch firem \u010dasto proud\u00ed do zdroj\u016f, vybaven\u00ed, v\u00fdroby, ale oblast bezpe\u010dnostn\u00ed z\u016fst\u00e1v\u00e1 opom\u00edjen\u00e1. A pokud n\u011bjak\u00e1 zaveden\u00e1 je, \u010dasto z\u016fst\u00e1v\u00e1 zalo\u017een\u00e1 na b\u00e1zi nutn\u00e9ho z\u00e1kladu. Z\u00e1kladem bezpe\u010dnosti je v\u010dasn\u00e1 identifikace hrozby a definov\u00e1n\u00ed, jak\u00e9 je z n\u00ed plynouc\u00ed riziko, n\u00e1sledn\u00e9 p\u0159ijet\u00ed opat\u0159en\u00ed k&#8230;<\/p>\n","protected":false},"author":2,"featured_media":1206,"parent":0,"menu_order":0,"comment_status":"closed","ping_status":"closed","template":"","meta":{"footnotes":""},"class_list":["post-12","page","type-page","status-publish","has-post-thumbnail","hentry"],"_links":{"self":[{"href":"https:\/\/www.dsacademy.cz\/index.php?rest_route=\/wp\/v2\/pages\/12","targetHints":{"allow":["GET"]}}],"collection":[{"href":"https:\/\/www.dsacademy.cz\/index.php?rest_route=\/wp\/v2\/pages"}],"about":[{"href":"https:\/\/www.dsacademy.cz\/index.php?rest_route=\/wp\/v2\/types\/page"}],"author":[{"embeddable":true,"href":"https:\/\/www.dsacademy.cz\/index.php?rest_route=\/wp\/v2\/users\/2"}],"replies":[{"embeddable":true,"href":"https:\/\/www.dsacademy.cz\/index.php?rest_route=%2Fwp%2Fv2%2Fcomments&post=12"}],"version-history":[{"count":16,"href":"https:\/\/www.dsacademy.cz\/index.php?rest_route=\/wp\/v2\/pages\/12\/revisions"}],"predecessor-version":[{"id":1330,"href":"https:\/\/www.dsacademy.cz\/index.php?rest_route=\/wp\/v2\/pages\/12\/revisions\/1330"}],"wp:featuredmedia":[{"embeddable":true,"href":"https:\/\/www.dsacademy.cz\/index.php?rest_route=\/wp\/v2\/media\/1206"}],"wp:attachment":[{"href":"https:\/\/www.dsacademy.cz\/index.php?rest_route=%2Fwp%2Fv2%2Fmedia&parent=12"}],"curies":[{"name":"wp","href":"https:\/\/api.w.org\/{rel}","templated":true}]}}