{"id":15,"date":"2016-09-05T20:01:09","date_gmt":"2016-09-05T20:01:09","guid":{"rendered":"http:\/\/demos.famethemes.com\/screenr\/?page_id=15"},"modified":"2026-01-19T20:33:03","modified_gmt":"2026-01-19T19:33:03","slug":"easy-customization","status":"publish","type":"page","link":"https:\/\/www.dsacademy.cz\/?page_id=15","title":{"rendered":"Kurzy a vzd\u011bl\u00e1v\u00e1n\u00ed"},"content":{"rendered":"\n<p class=\"has-text-color has-large-font-size\" style=\"color:#f60000\"><mark style=\"background-color:rgba(0, 0, 0, 0)\" class=\"has-inline-color has-vivid-red-color\"><strong>Obrana sebe a bl\u00edzk\u00fdch nen\u00ed nekultivovan\u00e1<\/strong><\/mark><\/p>\n\n\n\n<div class=\"wp-block-group alignwide\"><div class=\"wp-block-group__inner-container is-layout-constrained wp-block-group-is-layout-constrained\">\n<p style=\"padding-left: 40px;\"><img loading=\"lazy\" decoding=\"async\" class=\"alignright wp-image-1258 size-medium\" src=\"http:\/\/www.dsacademy.cz\/wp-content\/uploads\/2023\/02\/DSC_2709-300x200.jpg\" alt=\"\" width=\"300\" height=\"200\" srcset=\"https:\/\/www.dsacademy.cz\/wp-content\/uploads\/2023\/02\/DSC_2709-300x200.jpg 300w, https:\/\/www.dsacademy.cz\/wp-content\/uploads\/2023\/02\/DSC_2709-1024x683.jpg 1024w, https:\/\/www.dsacademy.cz\/wp-content\/uploads\/2023\/02\/DSC_2709-768x512.jpg 768w, https:\/\/www.dsacademy.cz\/wp-content\/uploads\/2023\/02\/DSC_2709-1536x1024.jpg 1536w, https:\/\/www.dsacademy.cz\/wp-content\/uploads\/2023\/02\/DSC_2709-2048x1365.jpg 2048w\" sizes=\"auto, (max-width: 300px) 100vw, 300px\" \/>A\u0165 u\u017e jste firma, \u010di jednotlivec, je v\u017edy d\u016fle\u017eit\u00ed myslet na osobn\u00ed bezpe\u010dnost. Denn\u011b p\u0159ich\u00e1z\u00edme do styku s\u00a0lidmi, kter\u00fdm neum\u00edme \u010d\u00edst my\u0161lenky, ale i tak mus\u00edme m\u00edt p\u0159ipraveni na v\u0161echno, co je napadne. Nebo alespo\u0148 na maximum z\u00a0toho. A ne v\u017edy se povede udr\u017eet jedn\u00e1n\u00ed v\u00a0gentlemansk\u00e9 rovin\u011b. I pro tyto situace m\u00e1me \u0159e\u0161en\u00ed \u2013 kurzy sebeobrany, sebeobrany pro \u017eeny (pr\u00e1t se jako holka nen\u00ed ostuda!) a kurzy st\u0159elby. Pro\u010d nab\u00edz\u00edme i tyto kurzy, kdy\u017e se sami zab\u00fdv\u00e1me poskytov\u00e1n\u00edm slu\u017eeb, kter\u00e9 bezpe\u010dnosti zaji\u0161\u0165uj\u00ed? Proto\u017ee s\u00a0v\u00e1mi nem\u016f\u017eeme b\u00fdt v\u017edy a v\u0161ude. Proto\u017ee z\u00e1konnou mo\u017enost se br\u00e1nit m\u00e1 ka\u017ed\u00fd z\u00a0v\u00e1s, a n\u011bkdy je a\u017e ku podivu, jak m\u00e1lo sta\u010d\u00ed, aby si \u0161el \u00fato\u010dn\u00edk schladit \u017e\u00e1hu jinam.<\/p>\n<p style=\"padding-left: 40px;\">Na\u0161i instrukto\u0159i jsou \u0161kolen\u00ed i pro specifick\u00e9 p\u0159\u00edpady jedn\u00e1n\u00ed s\u00a0ob\u011b\u0165mi n\u00e1siln\u00fdch \u010din\u016f a k\u00a0problematice tak p\u0159istupuj\u00ed velmi citliv\u011b. Nen\u00ed pot\u0159eba m\u00edt fyzi\u010dku, nen\u00ed pot\u0159eba m\u00edt p\u0159edchoz\u00ed zku\u0161enosti s\u00a0bojov\u00fdm sportem \u010di um\u011bn\u00edm. Je jen pot\u0159eba cht\u00edt vyhr\u00e1t.<\/p>\n<p style=\"padding-left: 40px;\">Kurzy po\u0159\u00e1d\u00e1me z\u00e1kazn\u00edk\u016fm v\u017edy na m\u00edru, proto n\u00e1s p\u0159i z\u00e1jmu pros\u00edm kontaktuje. Na z\u00e1klad\u011b Va\u0161eho p\u0159\u00e1n\u00ed vyhotov\u00edme nez\u00e1vaznou cenovou nab\u00eddku.<\/p>\n<p><span style=\"color: #ffffff;\">Kurzy po\u0159\u00e1d\u00e1me z\u00e1kazn\u00edk\u016fm v\u017edy na m\u00edru, proto n\u00e1s p\u0159i z\u00e1jmu pros\u00edm kontaktuje. Na z\u00e1klad\u011b Va\u0161eho p\u0159\u00e1n\u00ed vyhotov\u00edme nez\u00e1vaznou cenovou nab\u00eddku.<\/span><\/p>\n<p style=\"text-align: left; padding-left: 40px;\"><strong>Nab\u00edzen\u00e9 kurzy:<\/strong><\/p>\n<ul>\n<li style=\"list-style-type: none;\">\n<ul>\n<li style=\"list-style-type: none;\">\n<ul>\n<li style=\"text-align: left;\">Za\u0161kolen\u00ed do osobn\u00ed bezpe\u010dnosti<\/li>\n<li style=\"text-align: left;\">Sebeobrana pro \u017eeny<\/li>\n<li style=\"text-align: left;\">Sebeobrana\u00a0<\/li>\n<li style=\"text-align: left;\">P\u0159\u00edprava ke zkou\u0161ce odborn\u00e9 zp\u016fsobilosti k z\u00edsk\u00e1n\u00ed zbrojn\u00edho pr\u016fkazu<\/li>\n<li style=\"text-align: left;\">Kurz sebeobrann\u00e9 st\u0159elby<\/li>\n<li style=\"text-align: left;\">Kurz sportovn\u00ed st\u0159elby (dle pravidel IPSC)<\/li>\n<li style=\"text-align: left;\">Kurz prvn\u00ed pomoci &#8211; civiln\u00ed verze<\/li>\n<li style=\"text-align: left;\">Kurz prvn\u00ed pomoci &#8211; taktick\u00e1\/bojov\u00e1 medic\u00edna<\/li>\n<\/ul>\n<\/li>\n<\/ul>\n<\/li>\n<\/ul>\n<p>\u00a0<\/p>\n<p>\u00a0<\/p>\n<p>\u00a0<\/p>\n<\/div><\/div>\n\n\n\n<a style=\"display: inline-block; cursor: pointer; font-family: Arial, serif; font-size: 24px; font-weight: bold; padding: 10px 30px; text-decoration: none; background-color: rgb(56, 118, 29); border-radius: 6px; color: rgb(255, 255, 255);\" href=\"https:\/\/form.simpleshop.cz\/oPKnV\/buy\/\">Koupit<\/a>\n","protected":false},"excerpt":{"rendered":"<p>Obrana sebe a bl\u00edzk\u00fdch nen\u00ed nekultivovan\u00e1 A\u0165 u\u017e jste firma, \u010di jednotlivec, je v\u017edy d\u016fle\u017eit\u00ed myslet na osobn\u00ed bezpe\u010dnost. Denn\u011b p\u0159ich\u00e1z\u00edme do styku s\u00a0lidmi, kter\u00fdm neum\u00edme \u010d\u00edst my\u0161lenky, ale i tak mus\u00edme m\u00edt p\u0159ipraveni na v\u0161echno, co je napadne. Nebo alespo\u0148 na maximum z\u00a0toho. A ne v\u017edy se povede udr\u017eet&#8230;<\/p>\n","protected":false},"author":2,"featured_media":0,"parent":0,"menu_order":0,"comment_status":"closed","ping_status":"closed","template":"","meta":{"footnotes":""},"class_list":["post-15","page","type-page","status-publish","hentry"],"_links":{"self":[{"href":"https:\/\/www.dsacademy.cz\/index.php?rest_route=\/wp\/v2\/pages\/15","targetHints":{"allow":["GET"]}}],"collection":[{"href":"https:\/\/www.dsacademy.cz\/index.php?rest_route=\/wp\/v2\/pages"}],"about":[{"href":"https:\/\/www.dsacademy.cz\/index.php?rest_route=\/wp\/v2\/types\/page"}],"author":[{"embeddable":true,"href":"https:\/\/www.dsacademy.cz\/index.php?rest_route=\/wp\/v2\/users\/2"}],"replies":[{"embeddable":true,"href":"https:\/\/www.dsacademy.cz\/index.php?rest_route=%2Fwp%2Fv2%2Fcomments&post=15"}],"version-history":[{"count":13,"href":"https:\/\/www.dsacademy.cz\/index.php?rest_route=\/wp\/v2\/pages\/15\/revisions"}],"predecessor-version":[{"id":1346,"href":"https:\/\/www.dsacademy.cz\/index.php?rest_route=\/wp\/v2\/pages\/15\/revisions\/1346"}],"wp:attachment":[{"href":"https:\/\/www.dsacademy.cz\/index.php?rest_route=%2Fwp%2Fv2%2Fmedia&parent=15"}],"curies":[{"name":"wp","href":"https:\/\/api.w.org\/{rel}","templated":true}]}}